{"id":2290,"date":"2025-01-08T14:49:54","date_gmt":"2025-01-08T13:49:54","guid":{"rendered":"https:\/\/santilabel.com\/qualitat\/"},"modified":"2025-01-09T17:30:31","modified_gmt":"2025-01-09T16:30:31","slug":"qualitat","status":"publish","type":"page","link":"https:\/\/santilabel.com\/ca\/qualitat\/","title":{"rendered":"Qualitat"},"content":{"rendered":"<div  class='flex_column av-266h4s-324e5b871adefd114466a440a034291c av_one_full  avia-builder-el-0  el_before_av_three_fourth  avia-builder-el-first  first flex_column_div  '     ><style type=\"text\/css\" data-created_by=\"avia_inline_auto\" id=\"style-css-av-m5nyfwu3-9ed823e5abf54a869b1e374ff407c9f7\">\n#top .av-special-heading.av-m5nyfwu3-9ed823e5abf54a869b1e374ff407c9f7{\npadding-bottom:10px;\n}\nbody .av-special-heading.av-m5nyfwu3-9ed823e5abf54a869b1e374ff407c9f7 .av-special-heading-tag .heading-char{\nfont-size:25px;\n}\n.av-special-heading.av-m5nyfwu3-9ed823e5abf54a869b1e374ff407c9f7 .av-subheading{\nfont-size:15px;\n}\n<\/style>\n<div  class='av-special-heading av-m5nyfwu3-9ed823e5abf54a869b1e374ff407c9f7 av-special-heading-h1 blockquote elegant-quote elegant-centered  avia-builder-el-1  avia-builder-el-no-sibling '><h1 class='av-special-heading-tag'  itemprop=\"headline\"  ><span class=\"heading-wrap\">Pol\u00edtica de qualitat<\/span><\/h1><div class=\"special-heading-border\"><div class=\"special-heading-inner-border\"><\/div><\/div><\/div><\/div><div  class='flex_column av-4wr01o-c88c72d41cfb5e336637d124c304c691 av_three_fourth  avia-builder-el-2  el_after_av_one_full  el_before_av_one_fourth  first flex_column_div  column-top-margin'     ><section  class='av_textblock_section av-m5nyg9jh-2f97e04a41856e1fbea7e8351f7617b0 '   itemscope=\"itemscope\" itemtype=\"https:\/\/schema.org\/CreativeWork\" ><div class='avia_textblock'  itemprop=\"text\" ><p><strong>SANTILABEL, SL<\/strong> ., empresa dedicada a la fabricaci\u00f3 d&#8217;etiquetes adhesives, ha implantat un Sistema de Gesti\u00f3 de la Qualitat segons norma <strong>ISO 9001:2015<\/strong> , el qual es compromet a mantenir i millorar actuant amb les seg\u00fcents directrius:<br \/>\n 1. El compliment de la legislaci\u00f3 en el desenvolupament de les activitats, aix\u00ed com d&#8217;altres requisits subscrits amb els clients.<br \/>\n2. Selecci\u00f3 del personal, prove\u00efdors i subcontractistes en funci\u00f3 dels criteris establerts al sistema de gesti\u00f3, legals i de cada client.<br \/>\n3. Comprom\u00eds de satisfacci\u00f3 del client.<br \/>\n4. El manteniment dels canals de comunicaci\u00f3 necessaris amb els clients per a la detecci\u00f3 de les seves necessitats actuals i futures, a fi d&#8217;assegurar-ne la satisfacci\u00f3 pel que fa al compliment dels seus requisits i expectatives.<br \/>\n5. El compliment dels requisits i la millora cont\u00ednua del sistema de gesti\u00f3, mitjan\u00e7ant la implantaci\u00f3 de sistemes de mesurament i seguiment dels serveis prestats als nostres clients aix\u00ed com dels objectius del sistema.<br \/>\n6. Detecci\u00f3 i avaluaci\u00f3 peri\u00f2dica de riscos i oportunitats, especialment els relacionats amb les parts interessades.<br \/>\n7. La formaci\u00f3 i sensibilitzaci\u00f3 de tots els implicats en el nostre proc\u00e9s, a fi de millorar-lo i fomentar la gesti\u00f3 participativa en el Sistema de Gesti\u00f3.<br \/>\n8. Comprom\u00eds dinformaci\u00f3 a parts interessades.<br \/>\n9. La Direcci\u00f3 es compromet a proveir els recursos necessaris per assolir els objectius del Sistema de Gesti\u00f3, la seva efic\u00e0cia, efici\u00e8ncia i millora cont\u00ednua.<\/p>\n<p>A Rubi a 24 de Gener de 2.020<\/p>\n<p><strong>RESPONSABLE : SANTIAGO VILLELLAS<\/strong><br \/>\n<strong>EMPRESA : SANTILABEL SL<\/strong><br \/>\n<a href=\"https:\/\/www.freepik.es\/vector-gratis\/estandar-ilustracion-concepto-abstracto-control-calidad_13450426.htm#fromView=search&amp;page=1&amp;position=47&amp;uuid=2e1cda86-dd42-46ca-bf6f-695dadd61df2&amp;new_detail=true\">Imatge de vectorjuice a Freepik<\/a><\/p>\n<\/div><\/section><\/div><div  class='flex_column av-6k124-c8ff73c6c9b0ffd2389551de39fb9460 av_one_fourth  avia-builder-el-4  el_after_av_three_fourth  avia-builder-el-last  flex_column_div  column-top-margin'     ><style type=\"text\/css\" data-created_by=\"avia_inline_auto\" id=\"style-css-av-m5o39bu3-913e5c818c2fc1dd8055f3194524fdab\">\n.avia-image-container.av-m5o39bu3-913e5c818c2fc1dd8055f3194524fdab img.avia_image{\nbox-shadow:none;\n}\n.avia-image-container.av-m5o39bu3-913e5c818c2fc1dd8055f3194524fdab .av-image-caption-overlay-center{\ncolor:#ffffff;\n}\n<\/style>\n<div  class='avia-image-container av-m5o39bu3-913e5c818c2fc1dd8055f3194524fdab av-styling- avia-align-center  avia-builder-el-5  avia-builder-el-no-sibling '   itemprop=\"image\" itemscope=\"itemscope\" itemtype=\"https:\/\/schema.org\/ImageObject\" ><div class=\"avia-image-container-inner\"><div class=\"avia-image-overlay-wrap\"><img decoding=\"async\" fetchpriority=\"high\" class='wp-image-2280 avia-img-lazy-loading-not-2280 avia_image ' src=\"https:\/\/santilabel.com\/wp-content\/uploads\/2025\/01\/rb_4486-300x300.png\" alt='' title='rb_4486'  height=\"300\" width=\"300\"  itemprop=\"thumbnailUrl\" srcset=\"https:\/\/santilabel.com\/wp-content\/uploads\/2025\/01\/rb_4486-300x300.png 300w, https:\/\/santilabel.com\/wp-content\/uploads\/2025\/01\/rb_4486-1030x1030.png 1030w, https:\/\/santilabel.com\/wp-content\/uploads\/2025\/01\/rb_4486-80x80.png 80w, https:\/\/santilabel.com\/wp-content\/uploads\/2025\/01\/rb_4486-768x768.png 768w, https:\/\/santilabel.com\/wp-content\/uploads\/2025\/01\/rb_4486-1536x1536.png 1536w, https:\/\/santilabel.com\/wp-content\/uploads\/2025\/01\/rb_4486-36x36.png 36w, https:\/\/santilabel.com\/wp-content\/uploads\/2025\/01\/rb_4486-180x180.png 180w, https:\/\/santilabel.com\/wp-content\/uploads\/2025\/01\/rb_4486-1500x1500.png 1500w, https:\/\/santilabel.com\/wp-content\/uploads\/2025\/01\/rb_4486-705x705.png 705w, https:\/\/santilabel.com\/wp-content\/uploads\/2025\/01\/rb_4486.png 2000w\" sizes=\"(max-width: 300px) 100vw, 300px\" \/><\/div><\/div><\/div><\/div><\/p>\n","protected":false},"excerpt":{"rendered":"","protected":false},"author":1,"featured_media":0,"parent":0,"menu_order":0,"comment_status":"closed","ping_status":"closed","template":"","meta":{"footnotes":""},"class_list":["post-2290","page","type-page","status-publish","hentry"],"_links":{"self":[{"href":"https:\/\/santilabel.com\/ca\/wp-json\/wp\/v2\/pages\/2290","targetHints":{"allow":["GET"]}}],"collection":[{"href":"https:\/\/santilabel.com\/ca\/wp-json\/wp\/v2\/pages"}],"about":[{"href":"https:\/\/santilabel.com\/ca\/wp-json\/wp\/v2\/types\/page"}],"author":[{"embeddable":true,"href":"https:\/\/santilabel.com\/ca\/wp-json\/wp\/v2\/users\/1"}],"replies":[{"embeddable":true,"href":"https:\/\/santilabel.com\/ca\/wp-json\/wp\/v2\/comments?post=2290"}],"version-history":[{"count":2,"href":"https:\/\/santilabel.com\/ca\/wp-json\/wp\/v2\/pages\/2290\/revisions"}],"predecessor-version":[{"id":2292,"href":"https:\/\/santilabel.com\/ca\/wp-json\/wp\/v2\/pages\/2290\/revisions\/2292"}],"wp:attachment":[{"href":"https:\/\/santilabel.com\/ca\/wp-json\/wp\/v2\/media?parent=2290"}],"curies":[{"name":"wp","href":"https:\/\/api.w.org\/{rel}","templated":true}]}}