{"id":2303,"date":"2024-12-19T14:08:46","date_gmt":"2024-12-19T13:08:46","guid":{"rendered":"https:\/\/santilabel.com\/nosaltres\/"},"modified":"2025-01-09T17:32:10","modified_gmt":"2025-01-09T16:32:10","slug":"nosaltres","status":"publish","type":"page","link":"https:\/\/santilabel.com\/ca\/nosaltres\/","title":{"rendered":"Nosaltres"},"content":{"rendered":"<div  class='flex_column av-8pfwrt-a3e66bd181872b05358a3b82dcd18e14 av_one_full  avia-builder-el-0  el_before_av_one_half  avia-builder-el-first  first flex_column_div  '     ><style type=\"text\/css\" data-created_by=\"avia_inline_auto\" id=\"style-css-av-m4vc4npq-26396ffb5bcb80df0c48008171ff9b79\">\n#top .av-special-heading.av-m4vc4npq-26396ffb5bcb80df0c48008171ff9b79{\npadding-bottom:10px;\n}\nbody .av-special-heading.av-m4vc4npq-26396ffb5bcb80df0c48008171ff9b79 .av-special-heading-tag .heading-char{\nfont-size:25px;\n}\n.av-special-heading.av-m4vc4npq-26396ffb5bcb80df0c48008171ff9b79 .av-subheading{\nfont-size:15px;\n}\n<\/style>\n<div  class='av-special-heading av-m4vc4npq-26396ffb5bcb80df0c48008171ff9b79 av-special-heading-h1 blockquote elegant-quote elegant-centered  avia-builder-el-1  avia-builder-el-no-sibling '><h1 class='av-special-heading-tag'  itemprop=\"headline\"  ><span class=\"heading-wrap\">Sobre Nosaltres<\/span><\/h1><div class=\"special-heading-border\"><div class=\"special-heading-inner-border\"><\/div><\/div><\/div><\/div>\n<div  class='flex_column av-7gkwc9-d21e0adda906591376c97c5f7f2cc249 av_one_half  avia-builder-el-2  el_after_av_one_full  el_before_av_one_half  first flex_column_div  column-top-margin'     ><style type=\"text\/css\" data-created_by=\"avia_inline_auto\" id=\"style-css-av-m4vc6bmu-4127bae133d10b665bb85bf14ba8016c\">\n.avia-image-container.av-m4vc6bmu-4127bae133d10b665bb85bf14ba8016c img.avia_image{\nbox-shadow:none;\n}\n.avia-image-container.av-m4vc6bmu-4127bae133d10b665bb85bf14ba8016c .av-image-caption-overlay-center{\ncolor:#ffffff;\n}\n<\/style>\n<div  class='avia-image-container av-m4vc6bmu-4127bae133d10b665bb85bf14ba8016c av-styling- avia-align-center  avia-builder-el-3  avia-builder-el-no-sibling '   itemprop=\"image\" itemscope=\"itemscope\" itemtype=\"https:\/\/schema.org\/ImageObject\" ><div class=\"avia-image-container-inner\"><div class=\"avia-image-overlay-wrap\"><img decoding=\"async\" fetchpriority=\"high\" class='wp-image-2223 avia-img-lazy-loading-not-2223 avia_image ' src=\"https:\/\/santilabel.com\/wp-content\/uploads\/2024\/12\/1-1030x343.png\" alt='' title='1'  height=\"343\" width=\"1030\"  itemprop=\"thumbnailUrl\" srcset=\"https:\/\/santilabel.com\/wp-content\/uploads\/2024\/12\/1-1030x343.png 1030w, https:\/\/santilabel.com\/wp-content\/uploads\/2024\/12\/1-300x100.png 300w, https:\/\/santilabel.com\/wp-content\/uploads\/2024\/12\/1-768x256.png 768w, https:\/\/santilabel.com\/wp-content\/uploads\/2024\/12\/1-705x235.png 705w, https:\/\/santilabel.com\/wp-content\/uploads\/2024\/12\/1.png 1050w\" sizes=\"(max-width: 1030px) 100vw, 1030px\" \/><\/div><\/div><\/div><\/div>\n<div  class='flex_column av-5emfkp-62be9fdcd96c33afad8a1bff7223a7a9 av_one_half  avia-builder-el-4  el_after_av_one_half  el_before_av_one_half  flex_column_div  column-top-margin'     ><section  class='av_textblock_section av-m4vc6sta-20820d05e5d1ef0162bf4337156c6547 '   itemscope=\"itemscope\" itemtype=\"https:\/\/schema.org\/CreativeWork\" ><div class='avia_textblock'  itemprop=\"text\" ><p>SANTILABEL \u00e9s una empresa amb pres\u00e8ncia ininterrompuda al mercat des de la seva creaci\u00f3 el 1997 que fonamenta la seva competitivitat en la qualitat del producte, la serietat en el tracte, el comprom\u00eds, la fidelitat a clients, prove\u00efdors ia parts interessades, i la flexibilitat en producte i servei.<br \/>\n Comencem la nostra activitat el 1997 en una petita nau industrial situada a Rub\u00ed i el nostre principal sector era la ind\u00fastria farmac\u00e8utica.<br \/>\n Gr\u00e0cies a la confian\u00e7a dels nostres clients, ens hem pogut expandir i ampliar el nostre parc de maquin\u00e0ria per satisfer totes les seves necessitats. Avui dia som capa\u00e7os de produir tant petites quantitats com grans volums. Aquesta evoluci\u00f3 ens va portar el 2009 a traslladar-nos a les nostres noves instal\u00b7lacions, cosa que ens va permetre ampliar els sectors als que oferim els nostres serveis incloent cosm\u00e8tica, alimentaci\u00f3, qu\u00edmica i log\u00edstica, entre d&#8217;altres.<\/p>\n<\/div><\/section><\/div><div  class='flex_column av-4y12y1-73df4342fa6bb79dc6543a342977f648 av_one_half  avia-builder-el-6  el_after_av_one_half  el_before_av_one_half  first flex_column_div  column-top-margin'     ><section  class='av_textblock_section av-m4vc7sk8-7405787e918800119daedbe74d920627 '   itemscope=\"itemscope\" itemtype=\"https:\/\/schema.org\/CreativeWork\" ><div class='avia_textblock'  itemprop=\"text\" ><p>A Santilabel, els nostres clients s\u00f3n la nostra prioritat, i el nostre objectiu \u00e9s acompanyar-los i guiar-los a cada part del proc\u00e9s, des del disseny, l&#8217;elecci\u00f3 de materials fins a la millor opci\u00f3 d&#8217;impressi\u00f3, tot per assegurar-ne la m\u00e0xima satisfacci\u00f3, tot aix\u00f2 ho podem fer aportant la nostra experi\u00e8ncia.<br \/>\n A Santilabel aportem experi\u00e8ncia, atenci\u00f3 personalitzada, qualitat i compliment de les dates sol\u00b7licitades.<br \/>\n Santilabel t\u00e9 com un dels seus pilars fonamentals la Qualitat, \u00e9s per aix\u00f2 que centrem els nostres esfor\u00e7os en oferir productes i solucions de qualitat basant-nos en la millora cont\u00ednua. Estem certificats amb ISO 9001:2015.<\/p>\n<\/div><\/section><\/div><\/p>\n<div  class='flex_column av-23ro2x-c75f2f96ef70498ecbb1c9104f2cf7b2 av_one_half  avia-builder-el-8  el_after_av_one_half  el_before_av_one_full  flex_column_div  column-top-margin'     ><style type=\"text\/css\" data-created_by=\"avia_inline_auto\" id=\"style-css-av-m4vc7i9y-19d2a0c9c341d3699663dd344c07a7af\">\n.avia-image-container.av-m4vc7i9y-19d2a0c9c341d3699663dd344c07a7af img.avia_image{\nbox-shadow:none;\n}\n.avia-image-container.av-m4vc7i9y-19d2a0c9c341d3699663dd344c07a7af .av-image-caption-overlay-center{\ncolor:#ffffff;\n}\n<\/style>\n<div  class='avia-image-container av-m4vc7i9y-19d2a0c9c341d3699663dd344c07a7af av-styling- avia-align-center  avia-builder-el-9  avia-builder-el-no-sibling '   itemprop=\"image\" itemscope=\"itemscope\" itemtype=\"https:\/\/schema.org\/ImageObject\" ><div class=\"avia-image-container-inner\"><div class=\"avia-image-overlay-wrap\"><img decoding=\"async\" fetchpriority=\"high\" class='wp-image-2218 avia-img-lazy-loading-not-2218 avia_image ' src=\"https:\/\/santilabel.com\/wp-content\/uploads\/2024\/12\/5-1030x343.png\" alt='' title='5'  height=\"343\" width=\"1030\"  itemprop=\"thumbnailUrl\" srcset=\"https:\/\/santilabel.com\/wp-content\/uploads\/2024\/12\/5-1030x343.png 1030w, https:\/\/santilabel.com\/wp-content\/uploads\/2024\/12\/5-300x100.png 300w, https:\/\/santilabel.com\/wp-content\/uploads\/2024\/12\/5-768x256.png 768w, https:\/\/santilabel.com\/wp-content\/uploads\/2024\/12\/5-705x235.png 705w, https:\/\/santilabel.com\/wp-content\/uploads\/2024\/12\/5.png 1050w\" sizes=\"(max-width: 1030px) 100vw, 1030px\" \/><\/div><\/div><\/div><\/div>\n<div  class='flex_column av-joa5qh-b0f845e05fbe926c78d0822b3a39ee90 av_one_full  avia-builder-el-10  el_after_av_one_half  el_before_av_section  avia-builder-el-last  first flex_column_div  column-top-margin'     ><style type=\"text\/css\" data-created_by=\"avia_inline_auto\" id=\"style-css-av-m5nr4dh1-3c7398cda10a14a88833a97ac743a81d\">\n#top .av-special-heading.av-m5nr4dh1-3c7398cda10a14a88833a97ac743a81d{\npadding-bottom:10px;\n}\nbody .av-special-heading.av-m5nr4dh1-3c7398cda10a14a88833a97ac743a81d .av-special-heading-tag .heading-char{\nfont-size:25px;\n}\n.av-special-heading.av-m5nr4dh1-3c7398cda10a14a88833a97ac743a81d .av-subheading{\nfont-size:15px;\n}\n<\/style>\n<div  class='av-special-heading av-m5nr4dh1-3c7398cda10a14a88833a97ac743a81d av-special-heading-h2 blockquote elegant-quote elegant-centered  avia-builder-el-11  avia-builder-el-no-sibling '><h2 class='av-special-heading-tag'  itemprop=\"headline\"  ><span class=\"heading-wrap\">Missi\u00f3, Visi\u00f3 i Valors<\/span><\/h2><div class=\"special-heading-border\"><div class=\"special-heading-inner-border\"><\/div><\/div><\/div><\/div>\n<\/div><\/div><\/div><!-- close content main div --><\/div><\/div>\n<style type=\"text\/css\" data-created_by=\"avia_inline_auto\" id=\"style-css-av-h1y0xl-c59e2f833c0bc58f4f0c68a3b71a4a0f\">\n.avia-section.av-h1y0xl-c59e2f833c0bc58f4f0c68a3b71a4a0f{\nbackground-color:#00358a;\nbackground-image:unset;\n}\n<\/style>\n<div id='av_section_1'  class='avia-section av-h1y0xl-c59e2f833c0bc58f4f0c68a3b71a4a0f main_color avia-section-default avia-no-border-styling  avia-builder-el-12  el_after_av_one_full  el_before_av_section  avia-bg-style-scroll container_wrap fullsize'  ><div class='container av-section-cont-open' ><div class='template-page content  av-content-full alpha units'><div class='post-entry post-entry-type-page post-entry-2303'><div class='entry-content-wrapper clearfix'>\n\n<style type=\"text\/css\" data-created_by=\"avia_inline_auto\" id=\"style-css-av-m5nr4h91-9ca34937c173ec6ae4bb9aec537520a6\">\n#top .av-special-heading.av-m5nr4h91-9ca34937c173ec6ae4bb9aec537520a6{\npadding-bottom:10px;\ncolor:#ffffff;\n}\nbody .av-special-heading.av-m5nr4h91-9ca34937c173ec6ae4bb9aec537520a6 .av-special-heading-tag .heading-char{\nfont-size:25px;\n}\n.av-special-heading.av-m5nr4h91-9ca34937c173ec6ae4bb9aec537520a6 .special-heading-inner-border{\nborder-color:#ffffff;\n}\n.av-special-heading.av-m5nr4h91-9ca34937c173ec6ae4bb9aec537520a6 .av-subheading{\nfont-size:15px;\n}\n<\/style>\n<div  class='av-special-heading av-m5nr4h91-9ca34937c173ec6ae4bb9aec537520a6 av-special-heading-h3 custom-color-heading  avia-builder-el-13  el_before_av_textblock  avia-builder-el-first '><h3 class='av-special-heading-tag'  itemprop=\"headline\"  >Missi\u00f3<\/h3><div class=\"special-heading-border\"><div class=\"special-heading-inner-border\"><\/div><\/div><\/div>\n\n<style type=\"text\/css\" data-created_by=\"avia_inline_auto\" id=\"style-css-av-feor3d-cbb138bb1576c5870687e9599d8b0fff\">\n#top .av_textblock_section.av-feor3d-cbb138bb1576c5870687e9599d8b0fff .avia_textblock{\ncolor:#ffffff;\n}\n<\/style>\n<section  class='av_textblock_section av-feor3d-cbb138bb1576c5870687e9599d8b0fff '   itemscope=\"itemscope\" itemtype=\"https:\/\/schema.org\/CreativeWork\" ><div class='avia_textblock av_inherit_color'  itemprop=\"text\" ><p>A Santilabel, la nostra missi\u00f3 \u00e9s oferir solucions innovadores i personalitzades en etiquetes autoadhesives, que ajudin els nostres clients a destacar en un mercat competitiu. Ens comprometem a brindar un servei excepcional, utilitzant tecnologia d&#8217;avantguarda per crear productes que no nom\u00e9s compleixin les expectatives, sin\u00f3 que les superin.<\/p>\n<\/div><\/section>\n\n<\/div><\/div><\/div><!-- close content main div --><\/div><\/div><div id='av_section_2'  class='avia-section av-did1pl-9f532550389fbcede3abce13ad3c24fc main_color avia-section-default avia-no-border-styling  avia-builder-el-15  el_after_av_section  el_before_av_section  avia-bg-style-scroll container_wrap fullsize'  ><div class='container av-section-cont-open' ><div class='template-page content  av-content-full alpha units'><div class='post-entry post-entry-type-page post-entry-2303'><div class='entry-content-wrapper clearfix'>\n\n<style type=\"text\/css\" data-created_by=\"avia_inline_auto\" id=\"style-css-av-m5nr4k2i-a13c3c4dbef918c9d4a30f1a30fbac8c\">\n#top .av-special-heading.av-m5nr4k2i-a13c3c4dbef918c9d4a30f1a30fbac8c{\npadding-bottom:10px;\n}\nbody .av-special-heading.av-m5nr4k2i-a13c3c4dbef918c9d4a30f1a30fbac8c .av-special-heading-tag .heading-char{\nfont-size:25px;\n}\n.av-special-heading.av-m5nr4k2i-a13c3c4dbef918c9d4a30f1a30fbac8c .av-subheading{\nfont-size:15px;\n}\n<\/style>\n<div  class='av-special-heading av-m5nr4k2i-a13c3c4dbef918c9d4a30f1a30fbac8c av-special-heading-h3  avia-builder-el-16  el_before_av_textblock  avia-builder-el-first '><h3 class='av-special-heading-tag'  itemprop=\"headline\"  >Visi\u00f3<\/h3><div class=\"special-heading-border\"><div class=\"special-heading-inner-border\"><\/div><\/div><\/div>\n<section  class='av_textblock_section av-bxav3d-50052064e36268be741c518972573387 '   itemscope=\"itemscope\" itemtype=\"https:\/\/schema.org\/CreativeWork\" ><div class='avia_textblock'  itemprop=\"text\" ><p>Ser reconeguts com a l\u00edders a la ind\u00fastria de la impressi\u00f3 d&#8217;etiquetes autoadhesives.<\/p>\n<p> Aspirem a expandir la nostra pres\u00e8ncia a nivell nacional, establint relacions duradores amb els nostres clients i convertint-nos en el vostre soci de confian\u00e7a en cada projecte.<\/p>\n<\/div><\/section>\n\n<\/div><\/div><\/div><!-- close content main div --><\/div><\/div>\n<style type=\"text\/css\" data-created_by=\"avia_inline_auto\" id=\"style-css-av-api7u1-78ce9fb107845fd8237ec2e66e4ac1e0\">\n.avia-section.av-api7u1-78ce9fb107845fd8237ec2e66e4ac1e0{\nbackground-color:#00358a;\nbackground-image:unset;\n}\n<\/style>\n<div id='av_section_3'  class='avia-section av-api7u1-78ce9fb107845fd8237ec2e66e4ac1e0 main_color avia-section-default avia-no-border-styling  avia-builder-el-18  el_after_av_section  avia-builder-el-last  avia-bg-style-scroll container_wrap fullsize'  ><div class='container av-section-cont-open' ><div class='template-page content  av-content-full alpha units'><div class='post-entry post-entry-type-page post-entry-2303'><div class='entry-content-wrapper clearfix'>\n\n<style type=\"text\/css\" data-created_by=\"avia_inline_auto\" id=\"style-css-av-m5nr4mtp-dfb056c4c1d011ca730096fd6ce01808\">\n#top .av-special-heading.av-m5nr4mtp-dfb056c4c1d011ca730096fd6ce01808{\npadding-bottom:10px;\ncolor:#ffffff;\n}\nbody .av-special-heading.av-m5nr4mtp-dfb056c4c1d011ca730096fd6ce01808 .av-special-heading-tag .heading-char{\nfont-size:25px;\n}\n.av-special-heading.av-m5nr4mtp-dfb056c4c1d011ca730096fd6ce01808 .special-heading-inner-border{\nborder-color:#ffffff;\n}\n.av-special-heading.av-m5nr4mtp-dfb056c4c1d011ca730096fd6ce01808 .av-subheading{\nfont-size:15px;\n}\n<\/style>\n<div  class='av-special-heading av-m5nr4mtp-dfb056c4c1d011ca730096fd6ce01808 av-special-heading-h3 custom-color-heading  avia-builder-el-19  el_before_av_iconlist  avia-builder-el-first '><h3 class='av-special-heading-tag'  itemprop=\"headline\"  >Valors<\/h3><div class=\"special-heading-border\"><div class=\"special-heading-inner-border\"><\/div><\/div><\/div>\n\n<style type=\"text\/css\" data-created_by=\"avia_inline_auto\" id=\"style-css-av-m5nr55ot-d7c68a3d15973a55073ab5b7a27d4ca5\">\n@keyframes av_sonarEffect_av-m5nr55ot-d7c68a3d15973a55073ab5b7a27d4ca5 {\n  0% {opacity: 0.3;}\n 40% {opacity: 0.5; box-shadow: 0 0 0 2px rgba(255,255,255,0.1), 0 0 10px 10px #ffffff, 0 0 0 10px rgba(255,255,255,0.5);}\n100% {opacity: 0; box-shadow: 0 0 0 2px rgba(255,255,255,0.1), 0 0 10px 10px #ffffff, 0 0 0 10px rgba(255,255,255,0.5); transform: scale(1.5);}\n}\n#top .avia-icon-list-container.av-m5nr55ot-d7c68a3d15973a55073ab5b7a27d4ca5 .iconlist_icon:hover:after{\nanimation:av_sonarEffect_av-m5nr55ot-d7c68a3d15973a55073ab5b7a27d4ca5 1s ease-in-out .1s infinite;\n}\n#top #wrap_all .avia-icon-list-container.av-m5nr55ot-d7c68a3d15973a55073ab5b7a27d4ca5 .av_iconlist_title{\ncolor:#ffffff;\n}\n.avia-icon-list-container.av-m5nr55ot-d7c68a3d15973a55073ab5b7a27d4ca5 .iconlist_content{\ncolor:#ffffff;\n}\n<\/style>\n<div  class='avia-icon-list-container av-m5nr55ot-d7c68a3d15973a55073ab5b7a27d4ca5  avia-builder-el-20  el_after_av_heading  avia-builder-el-last '><ul class='avia-icon-list avia_animate_when_almost_visible avia-icon-list-left av-iconlist-big av-m5nr55ot-d7c68a3d15973a55073ab5b7a27d4ca5 avia-iconlist-animate avia-sonar-shadow'>\n<li><div class='iconlist_icon av-96wrnt-0528908171fc1fb6d5793910cddc5ae9 avia-font-entypo-fontello'><span class='iconlist-char' aria-hidden='true' data-av_icon='\ue819' data-av_iconfont='entypo-fontello'><\/span><\/div><article class=\"article-icon-entry \"  itemscope=\"itemscope\" itemtype=\"https:\/\/schema.org\/CreativeWork\" ><div class=\"iconlist_content_wrap\"><header class=\"entry-content-header\"><h4 class='av_iconlist_title iconlist_title  av_inherit_color'  itemprop=\"headline\" >Innovaci\u00f3<\/h4><\/header><div class='iconlist_content av_inherit_color'  itemprop=\"text\" ><p>Fomentem la creativitat i la recerca constant de noves idees i solucions.<\/p>\n<\/div><\/div><footer class=\"entry-footer\"><\/footer><\/article><div class=\"iconlist-timeline\"><\/div><\/li>\n<li><div class='iconlist_icon av-7t3uwp-20d56f4499124c64474682ebbb70af84 avia-font-entypo-fontello'><span class='iconlist-char' aria-hidden='true' data-av_icon='\ue819' data-av_iconfont='entypo-fontello'><\/span><\/div><article class=\"article-icon-entry \"  itemscope=\"itemscope\" itemtype=\"https:\/\/schema.org\/CreativeWork\" ><div class=\"iconlist_content_wrap\"><header class=\"entry-content-header\"><h4 class='av_iconlist_title iconlist_title  av_inherit_color'  itemprop=\"headline\" >Qualitat<\/h4><\/header><div class='iconlist_content av_inherit_color'  itemprop=\"text\" ><p>Ens comprometem a oferir productes i serveis de la m\u00e9s alta qualitat, tenint cura de cada detall.<\/p>\n<\/div><\/div><footer class=\"entry-footer\"><\/footer><\/article><div class=\"iconlist-timeline\"><\/div><\/li>\n<li><div class='iconlist_icon av-6esaux-80aa8dc4894b789e10ffae8815c539b5 avia-font-entypo-fontello'><span class='iconlist-char' aria-hidden='true' data-av_icon='\ue819' data-av_iconfont='entypo-fontello'><\/span><\/div><article class=\"article-icon-entry \"  itemscope=\"itemscope\" itemtype=\"https:\/\/schema.org\/CreativeWork\" ><div class=\"iconlist_content_wrap\"><header class=\"entry-content-header\"><h4 class='av_iconlist_title iconlist_title  av_inherit_color'  itemprop=\"headline\" >Sostenibilitat<\/h4><\/header><div class='iconlist_content av_inherit_color'  itemprop=\"text\" ><p>Promovem pr\u00e0ctiques responsables que respectin el medi ambient i contribueixin al benestar de la comunitat.<\/p>\n<\/div><\/div><footer class=\"entry-footer\"><\/footer><\/article><div class=\"iconlist-timeline\"><\/div><\/li>\n<li><div class='iconlist_icon av-4y6va1-d36e314e15ed667914d7eaedb18f9efc avia-font-entypo-fontello'><span class='iconlist-char' aria-hidden='true' data-av_icon='\ue819' data-av_iconfont='entypo-fontello'><\/span><\/div><article class=\"article-icon-entry \"  itemscope=\"itemscope\" itemtype=\"https:\/\/schema.org\/CreativeWork\" ><div class=\"iconlist_content_wrap\"><header class=\"entry-content-header\"><h4 class='av_iconlist_title iconlist_title  av_inherit_color'  itemprop=\"headline\" >Col\u00b7laboraci\u00f3<\/h4><\/header><div class='iconlist_content av_inherit_color'  itemprop=\"text\" ><p>Valorem el treball en equip i la comunicaci\u00f3 oberta tant internament com amb els nostres clients.<\/p>\n<\/div><\/div><footer class=\"entry-footer\"><\/footer><\/article><div class=\"iconlist-timeline\"><\/div><\/li>\n<li><div class='iconlist_icon av-26qeo9-786cd906aa825d33ddb78aef3571f1c1 avia-font-entypo-fontello'><span class='iconlist-char' aria-hidden='true' data-av_icon='\ue819' data-av_iconfont='entypo-fontello'><\/span><\/div><article class=\"article-icon-entry \"  itemscope=\"itemscope\" itemtype=\"https:\/\/schema.org\/CreativeWork\" ><div class=\"iconlist_content_wrap\"><header class=\"entry-content-header\"><h4 class='av_iconlist_title iconlist_title  av_inherit_color'  itemprop=\"headline\" >Integritat<\/h4><\/header><div class='iconlist_content av_inherit_color'  itemprop=\"text\" ><p>Actuem amb honestedat i transpar\u00e8ncia en totes les nostres interaccions.<\/p>\n<\/div><\/div><footer class=\"entry-footer\"><\/footer><\/article><div class=\"iconlist-timeline\"><\/div><\/li>\n<\/ul><\/div>\n\n","protected":false},"excerpt":{"rendered":"","protected":false},"author":1,"featured_media":0,"parent":0,"menu_order":0,"comment_status":"closed","ping_status":"closed","template":"","meta":{"footnotes":""},"class_list":["post-2303","page","type-page","status-publish","hentry"],"_links":{"self":[{"href":"https:\/\/santilabel.com\/ca\/wp-json\/wp\/v2\/pages\/2303","targetHints":{"allow":["GET"]}}],"collection":[{"href":"https:\/\/santilabel.com\/ca\/wp-json\/wp\/v2\/pages"}],"about":[{"href":"https:\/\/santilabel.com\/ca\/wp-json\/wp\/v2\/types\/page"}],"author":[{"embeddable":true,"href":"https:\/\/santilabel.com\/ca\/wp-json\/wp\/v2\/users\/1"}],"replies":[{"embeddable":true,"href":"https:\/\/santilabel.com\/ca\/wp-json\/wp\/v2\/comments?post=2303"}],"version-history":[{"count":2,"href":"https:\/\/santilabel.com\/ca\/wp-json\/wp\/v2\/pages\/2303\/revisions"}],"predecessor-version":[{"id":2305,"href":"https:\/\/santilabel.com\/ca\/wp-json\/wp\/v2\/pages\/2303\/revisions\/2305"}],"wp:attachment":[{"href":"https:\/\/santilabel.com\/ca\/wp-json\/wp\/v2\/media?parent=2303"}],"curies":[{"name":"wp","href":"https:\/\/api.w.org\/{rel}","templated":true}]}}