{"id":2309,"date":"2024-12-30T18:34:18","date_gmt":"2024-12-30T17:34:18","guid":{"rendered":"https:\/\/santilabel.com\/productes\/"},"modified":"2025-01-09T17:32:44","modified_gmt":"2025-01-09T16:32:44","slug":"productes","status":"publish","type":"page","link":"https:\/\/santilabel.com\/ca\/productes\/","title":{"rendered":"Productes"},"content":{"rendered":"<div  class='flex_column av-2mqbpa-62a366b9550dc2a8180b2c14c1a79324 av_one_full  avia-builder-el-0  el_before_av_section  avia-builder-el-no-sibling  first flex_column_div  '     ><p>\n<style type=\"text\/css\" data-created_by=\"avia_inline_auto\" id=\"style-css-av-m4vck8ir-f4f0c435bdadccf17e9f5398778647d7\">\n#top .av-special-heading.av-m4vck8ir-f4f0c435bdadccf17e9f5398778647d7{\npadding-bottom:10px;\n}\nbody .av-special-heading.av-m4vck8ir-f4f0c435bdadccf17e9f5398778647d7 .av-special-heading-tag .heading-char{\nfont-size:25px;\n}\n.av-special-heading.av-m4vck8ir-f4f0c435bdadccf17e9f5398778647d7 .av-subheading{\nfont-size:15px;\n}\n<\/style>\n<div  class='av-special-heading av-m4vck8ir-f4f0c435bdadccf17e9f5398778647d7 av-special-heading-h1 blockquote elegant-quote elegant-centered  avia-builder-el-1  el_before_av_textblock  avia-builder-el-first '><h1 class='av-special-heading-tag'  itemprop=\"headline\"  ><span class=\"heading-wrap\">Productes<\/span><\/h1><div class=\"special-heading-border\"><div class=\"special-heading-inner-border\"><\/div><\/div><\/div><br \/>\n<section  class='av_textblock_section av-m5bbjtzp-0371a63e2a0fc601d870481cc66b6880 '   itemscope=\"itemscope\" itemtype=\"https:\/\/schema.org\/CreativeWork\" ><div class='avia_textblock'  itemprop=\"text\" ><p>A la nostra empresa, som experts en oferir solucions d&#8217;impressi\u00f3 d&#8217;alta qualitat per a totes les teves necessitats i fer servir el millor tipus d&#8217;impressi\u00f3. Per aix\u00f2 oferim diferents tipus d&#8217;impressi\u00f3:<\/p>\n<\/div><\/section><\/p><\/div><\/div><\/div><\/div><!-- close content main div --><\/div><\/div>\n<style type=\"text\/css\" data-created_by=\"avia_inline_auto\" id=\"style-css-av-m5bba5ma-3d07694ef1f1418247f52aebac3d6dd3\">\n.avia-section.av-m5bba5ma-3d07694ef1f1418247f52aebac3d6dd3{\nbackground-color:#00358a;\nbackground-image:unset;\n}\n<\/style>\n<div id='av_section_1'  class='avia-section av-m5bba5ma-3d07694ef1f1418247f52aebac3d6dd3 main_color avia-section-default avia-no-border-styling  avia-builder-el-3  el_after_av_one_full  el_before_av_section  avia-bg-style-scroll container_wrap fullsize'  ><div class='container av-section-cont-open' ><div class='template-page content  av-content-full alpha units'><div class='post-entry post-entry-type-page post-entry-2309'><div class='entry-content-wrapper clearfix'>\n<div  class='flex_column av-m5bbbbij-92a19ab8e7d17b14a5135663aafa2090 av_two_third  avia-builder-el-4  el_before_av_one_third  avia-builder-el-first  first flex_column_div  '     ><p>\n<style type=\"text\/css\" data-created_by=\"avia_inline_auto\" id=\"style-css-av-m5b9r1tk-11fcbb569581bea0702ec4ae942dead5\">\n#top .av-special-heading.av-m5b9r1tk-11fcbb569581bea0702ec4ae942dead5{\npadding-bottom:10px;\ncolor:#ffffff;\n}\nbody .av-special-heading.av-m5b9r1tk-11fcbb569581bea0702ec4ae942dead5 .av-special-heading-tag .heading-char{\nfont-size:25px;\n}\n.av-special-heading.av-m5b9r1tk-11fcbb569581bea0702ec4ae942dead5 .special-heading-inner-border{\nborder-color:#ffffff;\n}\n.av-special-heading.av-m5b9r1tk-11fcbb569581bea0702ec4ae942dead5 .av-subheading{\nfont-size:15px;\n}\n<\/style>\n<div  class='av-special-heading av-m5b9r1tk-11fcbb569581bea0702ec4ae942dead5 av-special-heading-h2 custom-color-heading  avia-builder-el-5  el_before_av_textblock  avia-builder-el-first '><h2 class='av-special-heading-tag'  itemprop=\"headline\"  >Impressi\u00f3 Flexogr\u00e0fica<\/h2><div class=\"special-heading-border\"><div class=\"special-heading-inner-border\"><\/div><\/div><\/div><br \/>\n\n<style type=\"text\/css\" data-created_by=\"avia_inline_auto\" id=\"style-css-av-m5b9rbyi-4f7c33c6699136ae71872a09cde87ef8\">\n#top .av_textblock_section.av-m5b9rbyi-4f7c33c6699136ae71872a09cde87ef8 .avia_textblock{\ncolor:#ffffff;\n}\n<\/style>\n<section  class='av_textblock_section av-m5b9rbyi-4f7c33c6699136ae71872a09cde87ef8 '   itemscope=\"itemscope\" itemtype=\"https:\/\/schema.org\/CreativeWork\" ><div class='avia_textblock av_inherit_color'  itemprop=\"text\" ><p>\u00c9s molt popular per a la producci\u00f3 d&#8217;etiquetes en grans volums. Utilitza planxes flexibles i \u00e9s ideal per imprimir en diferents tipus de materials.<\/p>\n<\/div><\/section><\/p><\/div>\n<style type=\"text\/css\" data-created_by=\"avia_inline_auto\" id=\"style-css-av-m5bb1e5w-460258b04129dbe94bd267806684821a\">\n.flex_column.av-m5bb1e5w-460258b04129dbe94bd267806684821a{\nheight:auto;\nmin-height:300px;\nbackground:url(https:\/\/santilabel.com\/wp-content\/uploads\/2024\/12\/istockphoto-1204237368-612x612-1.jpg) 50% 50% no-repeat scroll ;\n}\n<\/style>\n<div  class='flex_column av-m5bb1e5w-460258b04129dbe94bd267806684821a av_one_third  avia-builder-el-7  el_after_av_two_third  avia-builder-el-last  flex_column_div  '     ><\/div>\n<\/p>\n<\/div><\/div><\/div><!-- close content main div --><\/div><\/div><div id='av_section_2'  class='avia-section av-b2dlxq-0cb8e846587e7f5ea718e248f480a518 main_color avia-section-default avia-no-border-styling  avia-builder-el-8  el_after_av_section  el_before_av_section  avia-bg-style-scroll container_wrap fullsize'  ><div class='container av-section-cont-open' ><div class='template-page content  av-content-full alpha units'><div class='post-entry post-entry-type-page post-entry-2309'><div class='entry-content-wrapper clearfix'>\n<div  class='flex_column av-9exwm6-2fe7e755299f0d0d19b96119d64f8b7c av_two_third  avia-builder-el-9  el_before_av_one_third  avia-builder-el-first  first flex_column_div  '     ><p>\n<style type=\"text\/css\" data-created_by=\"avia_inline_auto\" id=\"style-css-av-m5ba9rto-e44ffc24af0697a723cb2fd35c00a89a\">\n#top .av-special-heading.av-m5ba9rto-e44ffc24af0697a723cb2fd35c00a89a{\npadding-bottom:10px;\n}\nbody .av-special-heading.av-m5ba9rto-e44ffc24af0697a723cb2fd35c00a89a .av-special-heading-tag .heading-char{\nfont-size:25px;\n}\n.av-special-heading.av-m5ba9rto-e44ffc24af0697a723cb2fd35c00a89a .av-subheading{\nfont-size:15px;\n}\n<\/style>\n<div  class='av-special-heading av-m5ba9rto-e44ffc24af0697a723cb2fd35c00a89a av-special-heading-h2  avia-builder-el-10  el_before_av_textblock  avia-builder-el-first '><h2 class='av-special-heading-tag'  itemprop=\"headline\"  >Impressi\u00f3 Digital<\/h2><div class=\"special-heading-border\"><div class=\"special-heading-inner-border\"><\/div><\/div><\/div><br \/>\n<section  class='av_textblock_section av-m5baa0kf-253b53c208902ff53f8534efb7669b3a '   itemscope=\"itemscope\" itemtype=\"https:\/\/schema.org\/CreativeWork\" ><div class='avia_textblock'  itemprop=\"text\" ><p>Perfecta per a tirades curtes i mitjanes. Permet la personalitzaci\u00f3. Utilitza tecnologia digital, cosa que permet una gran flexibilitat en el disseny i canvis r\u00e0pids.<\/p>\n<\/div><\/section><\/p><\/div>\n<style type=\"text\/css\" data-created_by=\"avia_inline_auto\" id=\"style-css-av-m5bb31d7-fde7697069eab9c60dad054d3fb2045f\">\n.flex_column.av-m5bb31d7-fde7697069eab9c60dad054d3fb2045f{\nheight:auto;\nmin-height:300px;\nbackground:url(https:\/\/santilabel.com\/wp-content\/uploads\/2024\/12\/istockphoto-2088104036-612x612-1.jpg) 50% 50% no-repeat scroll ;\n}\n<\/style>\n<div  class='flex_column av-m5bb31d7-fde7697069eab9c60dad054d3fb2045f av_one_third  avia-builder-el-12  el_after_av_two_third  avia-builder-el-last  flex_column_div  '     ><\/div>\n\n<\/div><\/div><\/div><!-- close content main div --><\/div><\/div>\n<style type=\"text\/css\" data-created_by=\"avia_inline_auto\" id=\"style-css-av-m5bbcqt6-a0273d6b44e43b37e174ddf82135dff7\">\n.avia-section.av-m5bbcqt6-a0273d6b44e43b37e174ddf82135dff7{\nbackground-color:#00358a;\nbackground-image:unset;\n}\n<\/style>\n<div id='av_section_3'  class='avia-section av-m5bbcqt6-a0273d6b44e43b37e174ddf82135dff7 main_color avia-section-default avia-no-border-styling  avia-builder-el-13  el_after_av_section  el_before_av_section  avia-bg-style-scroll container_wrap fullsize'  ><div class='container av-section-cont-open' ><div class='template-page content  av-content-full alpha units'><div class='post-entry post-entry-type-page post-entry-2309'><div class='entry-content-wrapper clearfix'>\n<div  class='flex_column av-86y6q6-0688a4e16894ed8d6bd14828fd782a04 av_two_third  avia-builder-el-14  el_before_av_one_third  avia-builder-el-first  first flex_column_div  '     ><p>\n<style type=\"text\/css\" data-created_by=\"avia_inline_auto\" id=\"style-css-av-m5baadi5-c6019884530eb781110a69463d69c510\">\n#top .av-special-heading.av-m5baadi5-c6019884530eb781110a69463d69c510{\npadding-bottom:10px;\ncolor:#ffffff;\n}\nbody .av-special-heading.av-m5baadi5-c6019884530eb781110a69463d69c510 .av-special-heading-tag .heading-char{\nfont-size:25px;\n}\n.av-special-heading.av-m5baadi5-c6019884530eb781110a69463d69c510 .special-heading-inner-border{\nborder-color:#ffffff;\n}\n.av-special-heading.av-m5baadi5-c6019884530eb781110a69463d69c510 .av-subheading{\nfont-size:15px;\n}\n<\/style>\n<div  class='av-special-heading av-m5baadi5-c6019884530eb781110a69463d69c510 av-special-heading-h2 custom-color-heading  avia-builder-el-15  el_before_av_textblock  avia-builder-el-first '><h2 class='av-special-heading-tag'  itemprop=\"headline\"  >Impressi\u00f3 Tipogr\u00e0fica<\/h2><div class=\"special-heading-border\"><div class=\"special-heading-inner-border\"><\/div><\/div><\/div><br \/>\n\n<style type=\"text\/css\" data-created_by=\"avia_inline_auto\" id=\"style-css-av-m5baaice-ba0fcb2acb6900a297d04671fbed6038\">\n#top .av_textblock_section.av-m5baaice-ba0fcb2acb6900a297d04671fbed6038 .avia_textblock{\ncolor:#ffffff;\n}\n<\/style>\n<section  class='av_textblock_section av-m5baaice-ba0fcb2acb6900a297d04671fbed6038 '   itemscope=\"itemscope\" itemtype=\"https:\/\/schema.org\/CreativeWork\" ><div class='avia_textblock av_inherit_color'  itemprop=\"text\" ><p>Aquest proc\u00e9s \u00e9s conegut per la seva alta qualitat i precisi\u00f3 en la reproducci\u00f3 de texts i imatges.<\/p>\n<\/div><\/section><\/p><\/div>\n<style type=\"text\/css\" data-created_by=\"avia_inline_auto\" id=\"style-css-av-m5bb3ker-ae9856b28ca329d77bc78ac46a27c68c\">\n.flex_column.av-m5bb3ker-ae9856b28ca329d77bc78ac46a27c68c{\nheight:auto;\nmin-height:300px;\nbackground:url(https:\/\/santilabel.com\/wp-content\/uploads\/2024\/12\/technology-2650392_1280-1030x686.jpg) 50% 50% no-repeat scroll ;\n}\n<\/style>\n<div  class='flex_column av-m5bb3ker-ae9856b28ca329d77bc78ac46a27c68c av_one_third  avia-builder-el-17  el_after_av_two_third  avia-builder-el-last  flex_column_div  '     ><\/div>\n\n<\/div><\/div><\/div><!-- close content main div --><\/div><\/div><div id='av_section_4'  class='avia-section av-5ev7xq-a82dbdeb23c7490d9074c017e12c4490 main_color avia-section-default avia-no-border-styling  avia-builder-el-18  el_after_av_section  el_before_av_section  avia-bg-style-scroll container_wrap fullsize'  ><div class='container av-section-cont-open' ><div class='template-page content  av-content-full alpha units'><div class='post-entry post-entry-type-page post-entry-2309'><div class='entry-content-wrapper clearfix'>\n<div  class='flex_column av-4y6va6-64a8851adc40fc4bdb7b31b3223527af av_two_third  avia-builder-el-19  el_before_av_one_third  avia-builder-el-first  first flex_column_div  '     ><p>\n<style type=\"text\/css\" data-created_by=\"avia_inline_auto\" id=\"style-css-av-m5bagug3-a2eb5bd0e855204ff047f8ff3fe01922\">\n#top .av-special-heading.av-m5bagug3-a2eb5bd0e855204ff047f8ff3fe01922{\npadding-bottom:10px;\n}\nbody .av-special-heading.av-m5bagug3-a2eb5bd0e855204ff047f8ff3fe01922 .av-special-heading-tag .heading-char{\nfont-size:25px;\n}\n.av-special-heading.av-m5bagug3-a2eb5bd0e855204ff047f8ff3fe01922 .av-subheading{\nfont-size:15px;\n}\n<\/style>\n<div  class='av-special-heading av-m5bagug3-a2eb5bd0e855204ff047f8ff3fe01922 av-special-heading-h2  avia-builder-el-20  el_before_av_textblock  avia-builder-el-first '><h2 class='av-special-heading-tag'  itemprop=\"headline\"  >Impressi\u00f3 Serigr\u00e0fica<\/h2><div class=\"special-heading-border\"><div class=\"special-heading-inner-border\"><\/div><\/div><\/div><br \/>\n<section  class='av_textblock_section av-m5bah1qz-4eb0507ec3f6c93ac5339c7b3e8d95de '   itemscope=\"itemscope\" itemtype=\"https:\/\/schema.org\/CreativeWork\" ><div class='avia_textblock'  itemprop=\"text\" ><p>\u00c9s ideal per a dissenys amb colors s\u00f2lids i efectes especials.<\/p>\n<\/div><\/section><\/p><\/div>\n<style type=\"text\/css\" data-created_by=\"avia_inline_auto\" id=\"style-css-av-m5bb3xxm-529ba48bf2554465bcd819ed87e2ce48\">\n.flex_column.av-m5bb3xxm-529ba48bf2554465bcd819ed87e2ce48{\nheight:auto;\nmin-height:300px;\nbackground:url(https:\/\/santilabel.com\/wp-content\/uploads\/2024\/12\/offset-printing-macine-3634411_1280-1030x686.jpg) 50% 50% no-repeat scroll ;\n}\n<\/style>\n<div  class='flex_column av-m5bb3xxm-529ba48bf2554465bcd819ed87e2ce48 av_one_third  avia-builder-el-22  el_after_av_two_third  avia-builder-el-last  flex_column_div  '     ><\/div>\n\n<\/div><\/div><\/div><!-- close content main div --><\/div><\/div>\n<style type=\"text\/css\" data-created_by=\"avia_inline_auto\" id=\"style-css-av-m5bbd90x-1228e4e28a3f5d08334cf466e43793df\">\n.avia-section.av-m5bbd90x-1228e4e28a3f5d08334cf466e43793df{\nbackground-color:#00358a;\nbackground-image:unset;\n}\n<\/style>\n<div id='av_section_5'  class='avia-section av-m5bbd90x-1228e4e28a3f5d08334cf466e43793df main_color avia-section-default avia-no-border-styling  avia-builder-el-23  el_after_av_section  avia-builder-el-last  avia-bg-style-scroll container_wrap fullsize'  ><div class='container av-section-cont-open' ><div class='template-page content  av-content-full alpha units'><div class='post-entry post-entry-type-page post-entry-2309'><div class='entry-content-wrapper clearfix'>\n<div  class='flex_column av-27xpbi-b204838bebf83090c0787e068fa37a31 av_two_third  avia-builder-el-24  el_before_av_one_third  avia-builder-el-first  first flex_column_div  '     ><p>\n<style type=\"text\/css\" data-created_by=\"avia_inline_auto\" id=\"style-css-av-m5balz16-cfaa9965d21022d1fb4f2e54b8139d40\">\n#top .av-special-heading.av-m5balz16-cfaa9965d21022d1fb4f2e54b8139d40{\npadding-bottom:10px;\ncolor:#ffffff;\n}\nbody .av-special-heading.av-m5balz16-cfaa9965d21022d1fb4f2e54b8139d40 .av-special-heading-tag .heading-char{\nfont-size:25px;\n}\n.av-special-heading.av-m5balz16-cfaa9965d21022d1fb4f2e54b8139d40 .special-heading-inner-border{\nborder-color:#ffffff;\n}\n.av-special-heading.av-m5balz16-cfaa9965d21022d1fb4f2e54b8139d40 .av-subheading{\nfont-size:15px;\n}\n<\/style>\n<div  class='av-special-heading av-m5balz16-cfaa9965d21022d1fb4f2e54b8139d40 av-special-heading-h2 custom-color-heading  avia-builder-el-25  el_before_av_textblock  avia-builder-el-first '><h2 class='av-special-heading-tag'  itemprop=\"headline\"  >Impressi\u00f3 T\u00e8rmica<\/h2><div class=\"special-heading-border\"><div class=\"special-heading-inner-border\"><\/div><\/div><\/div><br \/>\n\n<style type=\"text\/css\" data-created_by=\"avia_inline_auto\" id=\"style-css-av-m5bam8zo-6ae4cc086e3fab970bbff4ddc0b5e3f3\">\n#top .av_textblock_section.av-m5bam8zo-6ae4cc086e3fab970bbff4ddc0b5e3f3 .avia_textblock{\ncolor:#ffffff;\n}\n<\/style>\n<section  class='av_textblock_section av-m5bam8zo-6ae4cc086e3fab970bbff4ddc0b5e3f3 '   itemscope=\"itemscope\" itemtype=\"https:\/\/schema.org\/CreativeWork\" ><div class='avia_textblock av_inherit_color'  itemprop=\"text\" ><p>Utilitzeu calor per transferir tinta a l&#8217;etiqueta. \u00c9s com\u00fa en etiquetes d&#8217;enviament i codis de barres.<\/p>\n<\/div><\/section><\/p><\/div>\n<style type=\"text\/css\" data-created_by=\"avia_inline_auto\" id=\"style-css-av-m5bb4dff-5cc6101950922fab5774e398c71f0708\">\n.flex_column.av-m5bb4dff-5cc6101950922fab5774e398c71f0708{\nheight:auto;\nmin-height:300px;\nbackground:url(https:\/\/santilabel.com\/wp-content\/uploads\/2024\/12\/istockphoto-1172233289-612x612-1.jpg) 50% 50% no-repeat scroll ;\n}\n<\/style>\n<div  class='flex_column av-m5bb4dff-5cc6101950922fab5774e398c71f0708 av_one_third  avia-builder-el-27  el_after_av_two_third  avia-builder-el-last  flex_column_div  '     ><\/div>\n\n","protected":false},"excerpt":{"rendered":"","protected":false},"author":1,"featured_media":0,"parent":0,"menu_order":0,"comment_status":"closed","ping_status":"closed","template":"","meta":{"footnotes":""},"class_list":["post-2309","page","type-page","status-publish","hentry"],"_links":{"self":[{"href":"https:\/\/santilabel.com\/ca\/wp-json\/wp\/v2\/pages\/2309","targetHints":{"allow":["GET"]}}],"collection":[{"href":"https:\/\/santilabel.com\/ca\/wp-json\/wp\/v2\/pages"}],"about":[{"href":"https:\/\/santilabel.com\/ca\/wp-json\/wp\/v2\/types\/page"}],"author":[{"embeddable":true,"href":"https:\/\/santilabel.com\/ca\/wp-json\/wp\/v2\/users\/1"}],"replies":[{"embeddable":true,"href":"https:\/\/santilabel.com\/ca\/wp-json\/wp\/v2\/comments?post=2309"}],"version-history":[{"count":2,"href":"https:\/\/santilabel.com\/ca\/wp-json\/wp\/v2\/pages\/2309\/revisions"}],"predecessor-version":[{"id":2311,"href":"https:\/\/santilabel.com\/ca\/wp-json\/wp\/v2\/pages\/2309\/revisions\/2311"}],"wp:attachment":[{"href":"https:\/\/santilabel.com\/ca\/wp-json\/wp\/v2\/media?parent=2309"}],"curies":[{"name":"wp","href":"https:\/\/api.w.org\/{rel}","templated":true}]}}