{"id":2312,"date":"2024-12-30T16:42:57","date_gmt":"2024-12-30T15:42:57","guid":{"rendered":"https:\/\/santilabel.com\/politica-de-privacidad\/"},"modified":"2025-05-28T14:11:13","modified_gmt":"2025-05-28T12:11:13","slug":"politica-de-privacidad","status":"publish","type":"page","link":"https:\/\/santilabel.com\/ca\/politica-de-privacidad\/","title":{"rendered":"Pol\u00edtica de Privacidad"},"content":{"rendered":"<div  class='flex_column av-30gsmp-93fb971c00360ddbfbc52f4d76875295 av_one_full  avia-builder-el-0  avia-builder-el-no-sibling  first flex_column_div  '     ><p>\n<style type=\"text\/css\" data-created_by=\"avia_inline_auto\" id=\"style-css-av-m5b7dddg-80a9ae3a4f1d2d4dacc7ce9203b7e7fd\">\n#top .av-special-heading.av-m5b7dddg-80a9ae3a4f1d2d4dacc7ce9203b7e7fd{\npadding-bottom:10px;\n}\nbody .av-special-heading.av-m5b7dddg-80a9ae3a4f1d2d4dacc7ce9203b7e7fd .av-special-heading-tag .heading-char{\nfont-size:25px;\n}\n.av-special-heading.av-m5b7dddg-80a9ae3a4f1d2d4dacc7ce9203b7e7fd .av-subheading{\nfont-size:15px;\n}\n<\/style>\n<div  class='av-special-heading av-m5b7dddg-80a9ae3a4f1d2d4dacc7ce9203b7e7fd av-special-heading-h1 blockquote elegant-quote elegant-centered  avia-builder-el-1  el_before_av_textblock  avia-builder-el-first '><h1 class='av-special-heading-tag'  itemprop=\"headline\"  ><span class=\"heading-wrap\">Pol\u00edtica de Privacidad<\/span><\/h1><div class=\"special-heading-border\"><div class=\"special-heading-inner-border\"><\/div><\/div><\/div><br \/>\n<section  class='av_textblock_section av-m5b7khak-0ce157aa2b6b7eb425ebe604b57ca726 '   itemscope=\"itemscope\" itemtype=\"https:\/\/schema.org\/CreativeWork\" ><div class='avia_textblock'  itemprop=\"text\" ><p><strong>IDENTIFICACI\u00d3N DEL PROPIETARIO DE LA P\u00c1GINA WEB Y RESPONSABLE DEL TRATAMIENTO<\/strong><\/p>\n<p><strong> <\/strong><\/p>\n<p><strong>Santilabel, S.L.<\/strong> es propietario de los nombres de dominio y p\u00e1ginas Internet a las que se accede desde el dominio www.santilabel.com, as\u00ed como los dem\u00e1s dominios registrados a su nombre, as\u00ed como el responsable de los datos personales que nos pueda facilitar a trav\u00e9s de este sitio web.<\/p>\n<p>En cumplimiento de lo dispuesto en el art\u00edculo 10 de la Ley 34\/2002, de 11 de julio, de servicios de la sociedad de la informaci\u00f3n y de comercio electr\u00f3nico y la normativa de protecci\u00f3n de datos de car\u00e1cter personal, se informa que <strong>Santilabel, S.L.<\/strong> es una entidad mercantil sita en Rub\u00ed (08191 Barcelona), carrer de l\u2019Atletisme, 13, Pol. Ind. Can Roses, inscrita en el Registro Mercantil de Barcelona, al tomo 29484, folio 173, hoja n\u00famero B-152360, y C.I.F. n\u00ba B-61255048.<\/p>\n<p><strong> <\/strong><\/p>\n<p><strong>USO Y FINALIDAD DE LOS DATOS OBTENIDOS<\/strong><\/p>\n<p>Los datos que nos pueda remitir a trav\u00e9s de los formularios y de los diferentes correos de <strong>Santilabel, S.L.<\/strong> ser\u00e1n para:<\/p>\n<ul>\n<li>Gestionar la solicitud del interesado.<\/li>\n<li>Gestionar la prestaci\u00f3n de servicios<\/li>\n<li>Gestionar la relaci\u00f3n que nos vincula.<\/li>\n<\/ul>\n<p>Los datos que le solicitamos son los adecuados, pertinentes y estrictamente necesarios para las finalidades especificadas anteriormente, y en ning\u00fan caso est\u00e1 obligado a facilitarlos. Los datos de cumplimentaci\u00f3n obligatoria est\u00e1n especificados en el propio formulario, y su negativa a suministrarlos implicar\u00e1 no poder gestionar su petici\u00f3n. Asimismo, nos asegura que todos los datos facilitados son ciertos, veraces y pertinentes para la finalidad por la que los solicitamos.<\/p>\n<p>Es importante que para que podamos mantener sus datos personales actualizados, nos informe siempre que haya alguna modificaci\u00f3n en ellos. En caso contrario, no respondemos de la veracidad de estos.<\/p>\n<p>Es importante que para que podamos mantener sus datos personales actualizados, nos informe siempre que haya alguna modificaci\u00f3n en ellos. En caso contrario, no respondemos de la veracidad de estos.<\/p>\n<p><strong>LEGITIMACI\u00d3N DEL TRATAMIENTO DE LOS DATOS<\/strong><\/p>\n<p><strong> <\/strong><\/p>\n<p>La base legal para el tratamiento de sus datos es:<\/p>\n<ul>\n<li>El consentimiento del interesado.<\/li>\n<li>La relaci\u00f3n que nos vincula.<\/li>\n<\/ul>\n<p><strong>DESTINATARIOS<\/strong><\/p>\n<p><strong> <\/strong><\/p>\n<p>Le informamos que sus datos s\u00f3lo ser\u00e1n cedidos en los casos legalmente establecidos o por cuestiones necesarias de la prestaci\u00f3n del servicio.<\/p>\n<p><strong> <\/strong><\/p>\n<p><strong>CONSERVACI\u00d3N DE LOS DATOS<\/strong><\/p>\n<p>Los datos personales proporcionados ser\u00e1n tratados mientras el interesado tenga contratado el servicio de orientaci\u00f3n m\u00e9dica y una vez finalice la prestaci\u00f3n del servicio los datos se conservar\u00e1n el tiempo legalmente establecido antes de su destrucci\u00f3n.<\/p>\n<p><strong> <\/strong><\/p>\n<p><strong>SEGURIDAD DE LOS DATOS<\/strong><\/p>\n<p><strong> <\/strong><\/p>\n<p>Los datos recopilados son responsabilidad de <strong>Santilabel<\/strong>, S.L. y se almacenan dentro del Espacio Econ\u00f3mico Europeo (EEE). <strong>Santilabel<\/strong>, S.L. garantiza las medidas t\u00e9cnicas y organizativas necesarias para la seguridad e integridad de los datos personales que trata, de acuerdo con la legislaci\u00f3n vigente, habida cuenta del estado de la tecnolog\u00eda, la naturaleza de los datos almacenados, y los riesgos a los que est\u00e1n expuestos, ya provengan de la acci\u00f3n humana o del medio f\u00edsico o natural.<\/p>\n<p><strong>DERECHOS DE LOS INTERESADOS<\/strong><\/p>\n<p>El titular de los datos personales tiene derecho a:<\/p>\n<ul>\n<li>Obtener confirmaci\u00f3n sobre si el Responsable est\u00e1 tratando los datos personales que les conciernan, o no.<\/li>\n<li>Acceder a sus datos personales, as\u00ed como a solicitar la rectificaci\u00f3n de los datos inexactos o, en su caso, solicitar su supresi\u00f3n cuando, entre otros motivos, los datos ya no sean necesarios para los fines que fueron recogidos.<\/li>\n<li>En determinadas circunstancias, los interesados podr\u00e1n solicitar la limitaci\u00f3n del tratamiento de sus datos, en cuyo caso \u00fanicamente el Responsable los conservar\u00e1 para el ejercicio o la defensa de reclamaciones.<\/li>\n<li>En determinadas circunstancias y por motivos relacionados con su situaci\u00f3n particular, los interesados podr\u00e1n oponerse al tratamiento de sus datos.<\/li>\n<li>En determinadas circunstancias, en virtud del derecho de portabilidad, los interesados tendr\u00e1n derecho a obtener sus datos personales en un formato estructurado de uso com\u00fan y lectura mec\u00e1nica y transmitirlo a otro responsable.<\/li>\n<\/ul>\n<p>El titular puede ejercer los derechos de acceso, rectificaci\u00f3n, cancelaci\u00f3n, oposici\u00f3n, limitaci\u00f3n y portabilidad al tratamiento de sus datos personales mediante correo electr\u00f3nico a la direcci\u00f3n santilabel@santilabel.com, indicando en el asunto \u201cProtecci\u00f3n de Datos\u201d o mediante escrito dirigido al Responsable a la siguiente direcci\u00f3n: carrer de l\u2019Atletisme, 13, Pol. Ind. Can Roses, Rub\u00ed, 08181 Barcelona, referencia \u201cProtecci\u00f3n de Datos\u201d.<\/p>\n<p>Si considera que sus derechos no se han atendido adecuadamente, tiene derecho a presentar una reclamaci\u00f3n ante la Agencia Espa\u00f1ola de Protecci\u00f3n de Datos.<\/p>\n<p><strong> <\/strong><\/p>\n<p><strong>ACTUALIZACI\u00d3N DE LA POL\u00cdTICA DE PRIVACIDAD<\/strong><\/p>\n<p><strong>Santilabel, S.L.<\/strong> podr\u00e1 actualizar la presente Pol\u00edtica de Privacidad en cualquier momento. Se comunicar\u00e1 al Usuario cualquier actualizaci\u00f3n que suponga nuevos tratamientos de datos o un cambio trascendente de la misma. Es por ello por lo que recomendamos al Usuario que, de manera peri\u00f3dica, revise la presente pol\u00edtica de privacidad.<\/p>\n<\/div><\/section><\/p><\/div>\n","protected":false},"excerpt":{"rendered":"","protected":false},"author":1,"featured_media":0,"parent":0,"menu_order":0,"comment_status":"closed","ping_status":"closed","template":"","meta":{"footnotes":""},"class_list":["post-2312","page","type-page","status-publish","hentry"],"_links":{"self":[{"href":"https:\/\/santilabel.com\/ca\/wp-json\/wp\/v2\/pages\/2312","targetHints":{"allow":["GET"]}}],"collection":[{"href":"https:\/\/santilabel.com\/ca\/wp-json\/wp\/v2\/pages"}],"about":[{"href":"https:\/\/santilabel.com\/ca\/wp-json\/wp\/v2\/types\/page"}],"author":[{"embeddable":true,"href":"https:\/\/santilabel.com\/ca\/wp-json\/wp\/v2\/users\/1"}],"replies":[{"embeddable":true,"href":"https:\/\/santilabel.com\/ca\/wp-json\/wp\/v2\/comments?post=2312"}],"version-history":[{"count":4,"href":"https:\/\/santilabel.com\/ca\/wp-json\/wp\/v2\/pages\/2312\/revisions"}],"predecessor-version":[{"id":2358,"href":"https:\/\/santilabel.com\/ca\/wp-json\/wp\/v2\/pages\/2312\/revisions\/2358"}],"wp:attachment":[{"href":"https:\/\/santilabel.com\/ca\/wp-json\/wp\/v2\/media?parent=2312"}],"curies":[{"name":"wp","href":"https:\/\/api.w.org\/{rel}","templated":true}]}}