{"id":2361,"date":"2024-12-30T16:46:05","date_gmt":"2024-12-30T15:46:05","guid":{"rendered":"https:\/\/santilabel.com\/politica-de-cookies\/"},"modified":"2025-05-28T14:17:04","modified_gmt":"2025-05-28T12:17:04","slug":"politica-de-cookies","status":"publish","type":"page","link":"https:\/\/santilabel.com\/ca\/politica-de-cookies\/","title":{"rendered":"Pol\u00edtica de Cookies"},"content":{"rendered":"<div  class='flex_column av-1y8c5v-3ecd20e1d4a5653324f3c19b12bbd87a av_one_full  avia-builder-el-0  avia-builder-el-no-sibling  first flex_column_div  '     ><p>\n<style type=\"text\/css\" data-created_by=\"avia_inline_auto\" id=\"style-css-av-m5b7lv77-53dc942d6a8e41a61258b13c5158a2bc\">\n#top .av-special-heading.av-m5b7lv77-53dc942d6a8e41a61258b13c5158a2bc{\npadding-bottom:10px;\n}\nbody .av-special-heading.av-m5b7lv77-53dc942d6a8e41a61258b13c5158a2bc .av-special-heading-tag .heading-char{\nfont-size:25px;\n}\n.av-special-heading.av-m5b7lv77-53dc942d6a8e41a61258b13c5158a2bc .av-subheading{\nfont-size:15px;\n}\n<\/style>\n<div  class='av-special-heading av-m5b7lv77-53dc942d6a8e41a61258b13c5158a2bc av-special-heading-h1 blockquote elegant-quote elegant-centered  avia-builder-el-1  el_before_av_textblock  avia-builder-el-first '><h1 class='av-special-heading-tag'  itemprop=\"headline\"  ><span class=\"heading-wrap\">Pol\u00edtica de Cookies<\/span><\/h1><div class=\"special-heading-border\"><div class=\"special-heading-inner-border\"><\/div><\/div><\/div><br \/>\n<section  class='av_textblock_section av-m5b7oke4-caf69af2e63af26ef585f644dae6ef11 '   itemscope=\"itemscope\" itemtype=\"https:\/\/schema.org\/CreativeWork\" ><div class='avia_textblock'  itemprop=\"text\" ><p><strong>\u00bfQu\u00e9 son las cookies? <\/strong><\/p>\n<p>Las cookies son peque\u00f1os archivos de datos que se reciben en el terminal desde el sitio web visitado y se usan para registrar ciertas interacciones de la navegaci\u00f3n en un sitio web almacenando datos que podr\u00e1n ser actualizados y recuperados.<\/p>\n<p>Estos archivos se almacenan en el ordenador del usuario y contienen datos an\u00f3nimos que no son perjudiciales para su equipo. Se utilizan para recordar las preferencias del usuario, como el idioma seleccionado, los datos de acceso o la personalizaci\u00f3n de la p\u00e1gina. <\/p>\n<p>Las cookies tambi\u00e9n pueden ser utilizadas para registrar informaci\u00f3n an\u00f3nima sobre c\u00f3mo utiliza el sitio el visitante. Por ejemplo, desde qu\u00e9 p\u00e1gina web ha accedido o si ha utilizado un banner publicitario para llegar. <\/p>\n<p><strong> <\/strong><\/p>\n<p><strong>\u00bfQu\u00e9 uso damos a los diferentes tipos de cookies? <\/strong><\/p>\n<ul>\n<li>Seg\u00fan su finalidad:\n<ul>\n<li><em>Cookies t\u00e9cnicas <\/em><\/li>\n<\/ul>\n<\/li>\n<\/ul>\n<p>Las cookies t\u00e9cnicas son aquellas imprescindibles y estrictamente necesarias para el correcto funcionamiento de un sitio web y la utilizaci\u00f3n de las diferentes opciones y servicios que ofrece. Por ejemplo, las que sirven para el mantenimiento de la sesi\u00f3n, gesti\u00f3n del tiempo de respuesta, rendimiento o validaci\u00f3n de opciones, uso de elementos de seguridad, compartici\u00f3n de contenido con redes sociales, etc. <\/p>\n<ul>\n<li style=\"list-style-type: none;\">\n<ul>\n<li><em>Cookies de personalizaci\u00f3n<\/em><\/li>\n<\/ul>\n<\/li>\n<\/ul>\n<p>Estas cookies permiten al usuario especificar o personalizar algunas caracter\u00edsticas de las opciones generales de la p\u00e1gina web. Por ejemplo, definir el idioma, la configuraci\u00f3n regional o el tipo de navegador. <\/p>\n<ul>\n<li style=\"list-style-type: none;\">\n<ul>\n<li><em>Cookies anal\u00edticas <\/em><\/li>\n<\/ul>\n<\/li>\n<\/ul>\n<p>Las cookies anal\u00edticas son las utilizadas por nuestros portales web para elaborar perfiles de navegaci\u00f3n y poder conocer las preferencias de los usuarios con la finalidad de mejorar la oferta de productos y servicios. Por ejemplo, mediante una cookie anal\u00edtica se controlar\u00edan las \u00e1reas geogr\u00e1ficas de mayor inter\u00e9s de un usuario, cu\u00e1l es el producto de mayor aceptaci\u00f3n, etc. <\/p>\n<ul>\n<li style=\"list-style-type: none;\">\n<ul>\n<li><em>Cookies publicitarias \/ de publicidad y de comportamiento<\/em><\/li>\n<\/ul>\n<\/li>\n<\/ul>\n<p>Las cookies publicitarias permiten la gesti\u00f3n de los espacios publicitarios de acuerdo con criterios concretos. Por ejemplo, la frecuencia de acceso, el contenido editado, etc. Las cookies publicitarias permiten, a trav\u00e9s de la gesti\u00f3n de la publicidad, almacenar informaci\u00f3n del comportamiento a trav\u00e9s de la observaci\u00f3n de h\u00e1bitos, estudiando los accesos y formando un perfil de preferencias del usuario, para ofrecerle publicidad relacionada con los intereses de su perfil.  <\/p>\n<ul>\n<li>Seg\u00fan plazo:<\/li>\n<\/ul>\n<p><em> <\/em><\/p>\n<ul>\n<li style=\"list-style-type: none;\">\n<ul>\n<li><em>Cookies de sesi\u00f3n<\/em><\/li>\n<\/ul>\n<\/li>\n<\/ul>\n<p>Las cookies de sesi\u00f3n son aquellas que duran el tiempo que el usuario est\u00e1 navegando por la p\u00e1gina web y se borran cuando acaba de hacerlo.<\/p>\n<ul>\n<li style=\"list-style-type: none;\">\n<ul>\n<li><em>Cookies persistentes <\/em><\/li>\n<\/ul>\n<\/li>\n<\/ul>\n<p>Estas cookies quedan almacenadas en el terminal del usuario durante un tiempo m\u00e1s largo, facilitando as\u00ed el control de las preferencias elegidas sin tener que repetir ciertos par\u00e1metros cada vez que se visite el sitio web.<\/p>\n<p><strong> <\/strong><\/p>\n<p><strong>\u00bfPor qu\u00e9 utilizamos las cookies?<\/strong><\/p>\n<p>Utilizamos las cookies estrictamente necesarias y esenciales para que usted utilice nuestro sitio web y pueda moverse libremente, utilizar \u00e1reas seguras, configurar opciones personalizadas, etc. Si usted lo autoriza, podremos utilizar cookies que recobren datos relativos al an\u00e1lisis de uso de la web. Estas se utilizan para ayudar a mejorar la experiencia de uso del usuario y el rendimiento de la p\u00e1gina.  <\/p>\n<p>Esta web tambi\u00e9n puede tener enlaces a webs de terceros y redes sociales y se pueden instalar cookies de estos terceros. No controlamos las cookies utilizadas por estos terceros. Para m\u00e1s informaci\u00f3n sobre las cookies de estos terceros aconsejamos que revise sus propias pol\u00edticas de cookies.  <\/p>\n<p>Las cookies utilizadas en este sitio son:<\/p>\n<table>\n<thead>\n<tr>\n<th>Tipo de cookie<\/th>\n<th>Nombre(s) de la cookie<\/th>\n<th>Finalidad<\/th>\n<th>Duraci\u00f3n<\/th>\n<\/tr>\n<\/thead>\n<tbody>\n<tr>\n<td><strong>Cookies necesarias<\/strong><\/td>\n<td><code>cookielawinfo-checkbox-*<\/code>,  <code>viewed_cookie_policy<\/code><\/td>\n<td>Gestionan el consentimiento de cookies y recuerdan las preferencias del usuario.<\/td>\n<td>11 meses<\/td>\n<\/tr>\n<tr>\n<td><strong>Galetes de prefer\u00e8ncies<\/strong><\/td>\n<td><code>language<\/code>,  <code>wp-wpml_current_language<\/code><\/td>\n<td>Almacenan el idioma preferido del usuario para mostrar el contenido en el idioma adecuado.<\/td>\n<td>1 a\u00f1o<\/td>\n<\/tr>\n<tr>\n<td><strong>Cookies de estad\u00edsticas<\/strong><\/td>\n<td><code>_ga<\/code>, <code>_gid<\/code>, <code>_gat<\/code><\/td>\n<td>Recopilan informaci\u00f3n sobre c\u00f3mo los visitantes utilizan el sitio web, con el fin de mejorar su funcionamiento.<\/td>\n<td>1 d\u00eda a 2 a\u00f1os<\/td>\n<\/tr>\n<tr>\n<td><strong>Cookies de marketing<\/strong><\/td>\n<td><code>fr<\/code>,  <code>tr<\/code><\/td>\n<td>Utilizadas para mostrar anuncios relevantes para los usuarios y medir la efectividad de las campa\u00f1as publicitarias.<\/td>\n<td>3 meses<\/td>\n<\/tr>\n<\/tbody>\n<\/table>\n<p><strong>C\u00f3mo administrar las cookies<\/strong><\/p>\n<p>Para utilizar este sitio web no resulta necesaria la instalaci\u00f3n de cookies anal\u00edticas, publicitarias y de comportamiento, que no est\u00e1n activadas cuando se carga la p\u00e1gina web, menos en el caso de que usted as\u00ed lo haya autorizado. Debe tener en cuenta que si rechaza o borra las cookies de navegaci\u00f3n, no podremos mantener sus preferencias. <\/p>\n<p>Usted podr\u00e1 escoger, en todo momento, qu\u00e9 cookies quiere que se carguen en este sitio web mediante:<\/p>\n<ul>\n<li>La configuraci\u00f3n de su navegador, por ejemplo:\n<ul>\n<li>Internet Explorer: Herramientas &gt; Opciones de Internet &gt; Privacidad &gt; Configuraci\u00f3n.<\/li>\n<\/ul>\n<\/li>\n<\/ul>\n<p>Para m\u00e1s informaci\u00f3n, puede consultar el soporte de Microsoft o la Ayuda del navegador.<\/p>\n<ul>\n<li>Mozilla Firefox: Herramientas &gt; Opciones &gt; Privacidad &gt; Historial &gt; Configuraci\u00f3n Personalizada.<\/li>\n<\/ul>\n<p>Para m\u00e1s informaci\u00f3n, puede consultar el soporte de Mozilla o la Ayuda del navegador.<\/p>\n<ul>\n<li>Google Chrome: Configuraci\u00f3n &gt; Mostrar opciones avanzadas &gt; Privacidad -&gt; Configuraci\u00f3n de contenido.<\/li>\n<\/ul>\n<p>Para m\u00e1s informaci\u00f3n, puede consultar el soporte de Google o la Ayuda del navegador.<\/p>\n<ul>\n<li>Safari: Preferencias &gt; Seguridad.<\/li>\n<\/ul>\n<p>Para m\u00e1s informaci\u00f3n, puede consultar el soporte de Apple o la Ayuda del navegador.<\/p>\n<ul>\n<li>Opera: Configuraci\u00f3n &gt; Opciones &gt; Avanzado &gt; Cookies<\/li>\n<\/ul>\n<p>Para m\u00e1s informaci\u00f3n, puede consultar el soporte de Opera o la Ayuda del navegador.<\/p>\n<ul>\n<li>El sistema de configuraci\u00f3n de cookies a trav\u00e9s del Banner informativo de cookies<\/li>\n<\/ul>\n<p>Le recomendamos consultar nuestra pol\u00edtica de cookies con frecuencia para obtener informaci\u00f3n sobre posibles cambios.<\/p>\n<\/div><\/section><\/p><\/div>\n","protected":false},"excerpt":{"rendered":"","protected":false},"author":1,"featured_media":0,"parent":0,"menu_order":0,"comment_status":"closed","ping_status":"closed","template":"","meta":{"footnotes":""},"class_list":["post-2361","page","type-page","status-publish","hentry"],"_links":{"self":[{"href":"https:\/\/santilabel.com\/ca\/wp-json\/wp\/v2\/pages\/2361","targetHints":{"allow":["GET"]}}],"collection":[{"href":"https:\/\/santilabel.com\/ca\/wp-json\/wp\/v2\/pages"}],"about":[{"href":"https:\/\/santilabel.com\/ca\/wp-json\/wp\/v2\/types\/page"}],"author":[{"embeddable":true,"href":"https:\/\/santilabel.com\/ca\/wp-json\/wp\/v2\/users\/1"}],"replies":[{"embeddable":true,"href":"https:\/\/santilabel.com\/ca\/wp-json\/wp\/v2\/comments?post=2361"}],"version-history":[{"count":4,"href":"https:\/\/santilabel.com\/ca\/wp-json\/wp\/v2\/pages\/2361\/revisions"}],"predecessor-version":[{"id":2365,"href":"https:\/\/santilabel.com\/ca\/wp-json\/wp\/v2\/pages\/2361\/revisions\/2365"}],"wp:attachment":[{"href":"https:\/\/santilabel.com\/ca\/wp-json\/wp\/v2\/media?parent=2361"}],"curies":[{"name":"wp","href":"https:\/\/api.w.org\/{rel}","templated":true}]}}